{"id":609,"date":"2024-06-27T11:20:23","date_gmt":"2024-06-27T11:20:23","guid":{"rendered":"https:\/\/www.estergerson.com\/?page_id=609"},"modified":"2024-12-10T11:55:04","modified_gmt":"2024-12-10T11:55:04","slug":"o-mne","status":"publish","type":"page","link":"https:\/\/www.estergerson.com\/","title":{"rendered":""},"content":{"rendered":"\n<div class=\"wp-block-wpzoom-blocks-social-icons is-style-with-canvas-round\" style=\"--wpz-social-icons-block-item-font-size:18px;--wpz-social-icons-block-item-padding-horizontal:6px;--wpz-social-icons-block-item-padding-vertical:6px;--wpz-social-icons-block-item-margin-horizontal:5px;--wpz-social-icons-block-item-margin-vertical:5px;--wpz-social-icons-block-item-border-radius:50px;--wpz-social-icons-block-label-font-size:16px;--wpz-social-icons-block-label-color:#2e3131;--wpz-social-icons-block-label-color-hover:#2e3131;--wpz-social-icons-alignment:center\"><a href=\"https:\/\/www.youtube.com\/@estergerson\" class=\"social-icon-link\" title=\"Youtube\" style=\"--wpz-social-icons-block-item-color:#ff0808;--wpz-social-icons-block-item-color-hover:#ff0808\"><span class=\"social-icon socicon socicon-youtube\"><\/span><\/a><a href=\"https:\/\/open.spotify.com\/artist\/0Hq9UbUD9MVY9FNUlI6fET?go=1&amp;sp_cid=028bbe06b56980bf031366681dfda9ae&amp;intent=addToLibrary&amp;utm_source=embed_player_v&amp;utm_medium=desktop&amp;nd=1&amp;dlsi=0ae02fb065e848d0\" class=\"social-icon-link\" title=\"Spotify\" style=\"--wpz-social-icons-block-item-color:#06f209;--wpz-social-icons-block-item-color-hover:#000000\"><span class=\"social-icon socicon socicon-spotify\"><\/span><\/a><a href=\"https:\/\/instagram.com\" class=\"social-icon-link\" title=\"Instagram\" style=\"--wpz-social-icons-block-item-color:#E4405F;--wpz-social-icons-block-item-color-hover:#E4405F\"><span class=\"social-icon socicon socicon-instagram\"><\/span><\/a><\/div>\n\n\n\n<hr class=\"wp-block-separator has-alpha-channel-opacity\"\/>\n\n\n\n<h2 class=\"wp-block-heading has-text-align-center\">O MN\u011a<\/h2>\n\n\n\n<p class=\"has-text-align-center\">\u2022trochu sk\u0159\u00edtek, trochu v\u00edla, hodn\u011b p\u00edsni\u010dk\u00e1\u0159ka\u2022<\/p>\n\n\n\n<hr class=\"wp-block-separator has-alpha-channel-opacity is-style-wide\"\/>\n\n\n\n<div style=\"height:100px\" aria-hidden=\"true\" class=\"wp-block-spacer\"><\/div>\n\n\n\n<h2 class=\"wp-block-heading has-text-align-center\">Hudba<\/h2>\n\n\n\n<p><\/p>\n\n\n\n<figure class=\"wp-block-embed is-type-rich is-provider-spotify wp-block-embed-spotify wp-embed-aspect-21-9 wp-has-aspect-ratio\"><div class=\"wp-block-embed__wrapper\">\n<iframe title=\"Spotify Embed: Ester Gerson\" style=\"border-radius: 12px\" width=\"100%\" height=\"352\" frameborder=\"0\" allowfullscreen allow=\"autoplay; clipboard-write; encrypted-media; fullscreen; picture-in-picture\" loading=\"lazy\" src=\"https:\/\/open.spotify.com\/embed\/artist\/0Hq9UbUD9MVY9FNUlI6fET?utm_source=oembed\"><\/iframe>\n<\/div><\/figure>\n\n\n\n<hr class=\"wp-block-separator has-alpha-channel-opacity is-style-wide\"\/>\n\n\n\n<div style=\"height:100px\" aria-hidden=\"true\" class=\"wp-block-spacer\"><\/div>\n\n\n\n<h2 class=\"wp-block-heading has-text-align-center\">Video<\/h2>\n\n\n\n<p><\/p>\n\n\n\n<figure class=\"wp-block-embed is-type-video is-provider-youtube wp-block-embed-youtube wp-embed-aspect-16-9 wp-has-aspect-ratio\"><div class=\"wp-block-embed__wrapper\">\n<iframe title=\"Ester Gerson &amp; SolSiTo - Pros\u00edm hv\u011bzdy\" width=\"960\" height=\"540\" src=\"https:\/\/www.youtube.com\/embed\/zlG5p04ICKI?feature=oembed\" frameborder=\"0\" allow=\"accelerometer; autoplay; clipboard-write; encrypted-media; gyroscope; picture-in-picture; web-share\" referrerpolicy=\"strict-origin-when-cross-origin\" allowfullscreen><\/iframe>\n<\/div><\/figure>\n","protected":false},"excerpt":{"rendered":"<p>O MN\u011a \u2022trochu sk\u0159\u00edtek, trochu v\u00edla, hodn\u011b p\u00edsni\u010dk\u00e1\u0159ka\u2022 Hudba Video<\/p>\n","protected":false},"author":1,"featured_media":0,"parent":0,"menu_order":0,"comment_status":"closed","ping_status":"closed","template":"","meta":{"footnotes":""},"class_list":["post-609","page","type-page","status-publish","hentry"],"_links":{"self":[{"href":"https:\/\/www.estergerson.com\/index.php?rest_route=\/wp\/v2\/pages\/609","targetHints":{"allow":["GET"]}}],"collection":[{"href":"https:\/\/www.estergerson.com\/index.php?rest_route=\/wp\/v2\/pages"}],"about":[{"href":"https:\/\/www.estergerson.com\/index.php?rest_route=\/wp\/v2\/types\/page"}],"author":[{"embeddable":true,"href":"https:\/\/www.estergerson.com\/index.php?rest_route=\/wp\/v2\/users\/1"}],"replies":[{"embeddable":true,"href":"https:\/\/www.estergerson.com\/index.php?rest_route=%2Fwp%2Fv2%2Fcomments&post=609"}],"version-history":[{"count":29,"href":"https:\/\/www.estergerson.com\/index.php?rest_route=\/wp\/v2\/pages\/609\/revisions"}],"predecessor-version":[{"id":720,"href":"https:\/\/www.estergerson.com\/index.php?rest_route=\/wp\/v2\/pages\/609\/revisions\/720"}],"wp:attachment":[{"href":"https:\/\/www.estergerson.com\/index.php?rest_route=%2Fwp%2Fv2%2Fmedia&parent=609"}],"curies":[{"name":"wp","href":"https:\/\/api.w.org\/{rel}","templated":true}]}}